{"id":71,"date":"2025-01-06T02:15:19","date_gmt":"2025-01-06T01:15:19","guid":{"rendered":"http:\/\/mbtpro.pl\/?page_id=71"},"modified":"2025-04-22T01:24:28","modified_gmt":"2025-04-21T23:24:28","slug":"mbtpro-pawel-kowalski","status":"publish","type":"page","link":"https:\/\/mbtpro.pl\/","title":{"rendered":"MBTPro &#8211; Pawe\u0142 Kowalski"},"content":{"rendered":"\n<div class=\"wp-block-columns is-layout-flex wp-container-core-columns-is-layout-9d6595d7 wp-block-columns-is-layout-flex\">\n<div class=\"wp-block-column is-layout-flow wp-block-column-is-layout-flow\" style=\"flex-basis:100%\"><div class=\"n2_clear\"><ss3-force-full-width data-overflow-x=\"body\" data-horizontal-selector=\"body\"><div class=\"n2-section-smartslider fitvidsignore  n2_clear\" data-ssid=\"1\" tabindex=\"0\" role=\"region\" aria-label=\"Slider\"><div id=\"n2-ss-1-align\" class=\"n2-ss-align\"><div class=\"n2-padding\"><div id=\"n2-ss-1\" data-creator=\"Smart Slider 3\" data-responsive=\"fullwidth\" class=\"n2-ss-slider n2-ow n2-has-hover n2notransition  \">\n\n\n\n<div class=\"n2-ss-slider-wrapper-inside\">\n        <div class=\"n2-ss-slider-1 n2_ss__touch_element n2-ow\">\n            <div class=\"n2-ss-slider-2 n2-ow\">\n                                                <div class=\"n2-ss-slider-3 n2-ow\">\n\n                    <div class=\"n2-ss-slide-backgrounds n2-ow-all\"><div class=\"n2-ss-slide-background\" data-public-id=\"1\" data-mode=\"fill\"><div class=\"n2-ss-slide-background-image\" data-blur=\"0\" data-opacity=\"40\" data-x=\"50\" data-y=\"50\" data-alt=\"\" data-title=\"\" style=\"opacity:0.4\"><picture class=\"skip-lazy\" data-skip-lazy=\"1\"><img decoding=\"async\" src=\"\/\/mbtpro.pl\/wp-content\/uploads\/2025\/04\/img4-scaled.jpg\" alt=\"\" title=\"\" loading=\"lazy\" class=\"skip-lazy\" data-skip-lazy=\"1\"><\/picture><\/div><div data-color=\"RGBA(255,255,255,0)\" style=\"background-color: RGBA(255,255,255,0);\" class=\"n2-ss-slide-background-color\"><\/div><\/div><div class=\"n2-ss-slide-background\" data-public-id=\"2\" data-mode=\"fill\" aria-hidden=\"true\"><div class=\"n2-ss-slide-background-image\" data-blur=\"0\" data-opacity=\"40\" data-x=\"50\" data-y=\"50\" data-alt=\"\" data-title=\"\" style=\"opacity:0.4\"><picture class=\"skip-lazy\" data-skip-lazy=\"1\"><img decoding=\"async\" src=\"\/\/mbtpro.pl\/wp-content\/uploads\/2025\/04\/Img2-scaled.jpg\" alt=\"\" title=\"\" loading=\"lazy\" class=\"skip-lazy\" data-skip-lazy=\"1\"><\/picture><\/div><div data-color=\"RGBA(213,47,47,0)\" style=\"background-color: RGBA(213,47,47,0);\" class=\"n2-ss-slide-background-color\"><\/div><\/div><div class=\"n2-ss-slide-background\" data-public-id=\"3\" data-mode=\"fill\" aria-hidden=\"true\"><div class=\"n2-ss-slide-background-image\" data-blur=\"0\" data-opacity=\"40\" data-x=\"54\" data-y=\"27\" data-alt=\"\" data-title=\"\" style=\"opacity:0.4;--ss-o-pos-x:54%;--ss-o-pos-y:27%\"><picture class=\"skip-lazy\" data-skip-lazy=\"1\"><img decoding=\"async\" src=\"\/\/mbtpro.pl\/wp-content\/uploads\/2025\/04\/img1-scaled.jpg\" alt=\"\" title=\"\" loading=\"lazy\" class=\"skip-lazy\" data-skip-lazy=\"1\"><\/picture><\/div><div data-color=\"RGBA(255,255,255,0)\" style=\"background-color: RGBA(255,255,255,0);\" class=\"n2-ss-slide-background-color\"><\/div><\/div><\/div>                    <div class=\"n2-ss-slider-4 n2-ow\">\n                        <svg xmlns=\"http:\/\/www.w3.org\/2000\/svg\" viewBox=\"0 0 1200 600\" data-related-device=\"desktopPortrait\" class=\"n2-ow n2-ss-preserve-size n2-ss-preserve-size--slider n2-ss-slide-limiter\"><\/svg><div data-first=\"1\" data-slide-duration=\"0\" data-id=\"1\" data-slide-public-id=\"1\" data-title=\"Projekty\" class=\"n2-ss-slide n2-ow  n2-ss-slide-1\"><div role=\"note\" class=\"n2-ss-slide--focus\" tabindex=\"-1\">Projekty<\/div><div class=\"n2-ss-layers-container n2-ss-slide-limiter n2-ow\"><div class=\"n2-ss-layer n2-ow n-uc-ewx1ozuH3CKI\" data-sstype=\"slide\" data-pm=\"default\"><div class=\"n2-ss-layer n2-ow n-uc-IbNOabpfT5aE\" data-pm=\"default\" data-sstype=\"content\" data-hasbackground=\"0\"><div class=\"n2-ss-section-main-content n2-ss-layer-with-background n2-ss-layer-content n2-ow n-uc-IbNOabpfT5aE-inner\"><div class=\"n2-ss-layer n2-ow n2-ss-layer--block n2-ss-has-self-align n-uc-dtwtw9DVCwgQ\" data-pm=\"normal\" data-sstype=\"row\"><div class=\"n2-ss-layer-row n2-ss-layer-with-background n-uc-dtwtw9DVCwgQ-inner\"><div class=\"n2-ss-layer-row-inner \"><div class=\"n2-ss-layer n2-ow n-uc-Fjvyu081qJeK\" data-pm=\"default\" data-sstype=\"col\"><div class=\"n2-ss-layer-col n2-ss-layer-with-background n2-ss-layer-content n-uc-Fjvyu081qJeK-inner\"><div class=\"n2-ss-layer n2-ow n-uc-kRWv9AIE3mZU\" data-pm=\"normal\" data-sstype=\"layer\"><div id=\"n2-ss-1item1\" class=\"n2-font-dc68ec050d9e0febb956be14ba7b5697-hover n2-style-ddebe7d2b2432921da0cc94b80c4c75f-heading   n2-ss-item-content n2-ss-text n2-ow\" style=\"display:block;\">Projekty<\/div><\/div><div class=\"n2-ss-layer n2-ow n-uc-lp2J6PGwjhJI\" data-pm=\"normal\" data-sstype=\"layer\"><div id=\"n2-ss-1item2\" class=\"n2-font-343d27bb0887dfde4c937d97083e1204-hover   n2-ss-item-content n2-ss-text n2-ow\" style=\"display:block;\"><\/div><\/div><div class=\"n2-ss-layer n2-ow n-uc-GKqUpRQ0Rnpq\" data-pm=\"normal\" data-sstype=\"layer\"><div id=\"n2-ss-1item3\" class=\"n2-font-076b8dc15792c03110f6a070004ca218-hover   n2-ss-item-content n2-ss-text n2-ow\" style=\"display:block;\">Projekty budowlane<\/div><\/div><div class=\"n2-ss-layer n2-ow n-uc-QDApjLa0QXan\" data-pm=\"normal\" data-sstype=\"layer\"><div class=\"n2-ss-item-content n2-ss-text n2-ow-all\"><div class=\"\"><p class=\"n2-font-fdb527caae2962f2d543107a4ad89016-paragraph   \">Realizujemy kompleksowo projekty budowlane telekomunikacyjne na potrzeby sieci \u015bwiat\u0142owodowych. Uzyskujemy wymagane uzgodnienia, projektujemy przebieg sieci i przy\u0142\u0105czy z uwzgl\u0119dnieniem obowi\u0105zuj\u0105cych przepis\u00f3w, wymaga\u0144 Zlecaj\u0105cego oraz optymalizujemy trasy.  <\/p>\n<\/div><\/div><\/div><div class=\"n2-ss-layer n2-ow n-uc-BnXwIBsb9XS5\" data-pm=\"normal\" data-sstype=\"layer\"><div id=\"n2-ss-1item5\" class=\"n2-font-076b8dc15792c03110f6a070004ca218-hover   n2-ss-item-content n2-ss-text n2-ow\" style=\"display:block;\">Projekty techniczne<\/div><\/div><div class=\"n2-ss-layer n2-ow n-uc-1e06222910a1a\" data-pm=\"normal\" data-sstype=\"layer\"><div class=\"n2-ss-item-content n2-ss-text n2-ow-all\"><div class=\"\"><p class=\"n2-font-fdb527caae2962f2d543107a4ad89016-paragraph   \">Opracowujemy projekty wykonawczo-techniczne dla nowych i modernizowanych sieci FTTH oraz na potrzeby dzier\u017cawy infrastruktury, zgodnie z wytycznymi i standardem Zlecaj\u0105cego. <\/p>\n<\/div><\/div><\/div><div class=\"n2-ss-layer n2-ow n-uc-1141aa40dcefc\" data-pm=\"normal\" data-sstype=\"layer\"><div id=\"n2-ss-1item7\" class=\"n2-font-076b8dc15792c03110f6a070004ca218-hover   n2-ss-item-content n2-ss-text n2-ow\" style=\"display:block;\">Koncepcje i inwentaryzacje<\/div><\/div><div class=\"n2-ss-layer n2-ow n-uc-7Chv4EM2T9tj\" data-pm=\"normal\" data-sstype=\"layer\"><div class=\"n2-ss-item-content n2-ss-text n2-ow-all\"><div class=\"\"><p class=\"n2-font-fdb527caae2962f2d543107a4ad89016-paragraph   \">Przygotowujemy koncepcje i inwentaryzacje sieci \u015bwiat\u0142owodowych dla Operator\u00f3w, Urz\u0119d\u00f3w czy Dysponent\u00f3w Nieruchomo\u015bci. <\/p>\n<\/div><\/div><\/div><\/div><\/div><\/div><\/div><\/div><div class=\"n2-ss-layer n2-ow n-uc-cOwRgNl3muTo\" data-pm=\"normal\" data-sstype=\"layer\"><div id=\"n2-ss-1item9\" class=\"n2-font-343d27bb0887dfde4c937d97083e1204-hover   n2-ss-item-content n2-ss-text n2-ow\" style=\"display:block;\"><\/div><\/div><\/div><\/div><\/div><\/div><\/div><div data-slide-duration=\"0\" data-id=\"5\" data-slide-public-id=\"2\" aria-hidden=\"true\" data-title=\"Praca w terenie\" class=\"n2-ss-slide n2-ow  n2-ss-slide-5\"><div role=\"note\" class=\"n2-ss-slide--focus\" tabindex=\"-1\">Praca w terenie<\/div><div class=\"n2-ss-layers-container n2-ss-slide-limiter n2-ow\"><div class=\"n2-ss-layer n2-ow n-uc-RPPLU76dZut2\" data-sstype=\"slide\" data-pm=\"default\"><div class=\"n2-ss-layer n2-ow n-uc-2fGiuX2RE6Go\" data-pm=\"default\" data-sstype=\"content\" data-hasbackground=\"0\"><div class=\"n2-ss-section-main-content n2-ss-layer-with-background n2-ss-layer-content n2-ow n-uc-2fGiuX2RE6Go-inner\"><div class=\"n2-ss-layer n2-ow n2-ss-layer--block n2-ss-has-self-align n-uc-QLl6Dw2qwxXq\" data-pm=\"normal\" data-sstype=\"row\"><div class=\"n2-ss-layer-row n2-ss-layer-with-background n-uc-QLl6Dw2qwxXq-inner\"><div class=\"n2-ss-layer-row-inner \"><div class=\"n2-ss-layer n2-ow n-uc-NWNrXlMVlxfs\" data-pm=\"default\" data-sstype=\"col\"><div class=\"n2-ss-layer-col n2-ss-layer-with-background n2-ss-layer-content n-uc-NWNrXlMVlxfs-inner\"><div class=\"n2-ss-layer n2-ow n-uc-uoMchma1AJJl\" data-pm=\"normal\" data-sstype=\"layer\"><div id=\"n2-ss-1item10\" class=\"n2-font-dc68ec050d9e0febb956be14ba7b5697-hover n2-style-ddebe7d2b2432921da0cc94b80c4c75f-heading   n2-ss-item-content n2-ss-text n2-ow\" style=\"display:block;\">Praca w terenie<\/div><\/div><div class=\"n2-ss-layer n2-ow n-uc-J4qB3P9t0Eos\" data-pm=\"normal\" data-sstype=\"layer\"><div id=\"n2-ss-1item11\" class=\"n2-font-343d27bb0887dfde4c937d97083e1204-hover   n2-ss-item-content n2-ss-text n2-ow\" style=\"display:block;\"><\/div><\/div><div class=\"n2-ss-layer n2-ow n-uc-OBKiBnydFqc6\" data-pm=\"normal\" data-sstype=\"layer\"><div id=\"n2-ss-1item12\" class=\"n2-font-076b8dc15792c03110f6a070004ca218-hover   n2-ss-item-content n2-ss-text n2-ow\" style=\"display:block;\">Wizje terenowe<\/div><\/div><div class=\"n2-ss-layer n2-ow n-uc-xYDdlyN0uuDC\" data-pm=\"normal\" data-sstype=\"layer\"><div class=\"n2-ss-item-content n2-ss-text n2-ow-all\"><div class=\"\"><\/div><\/div><\/div><div class=\"n2-ss-layer n2-ow n-uc-tUVjHD04KLI9\" data-pm=\"normal\" data-sstype=\"layer\"><div class=\"n2-ss-item-content n2-ss-text n2-ow-all\"><div class=\"\"><p class=\"n2-font-fdb527caae2962f2d543107a4ad89016-paragraph   \">Realizujemy wizj\u0119 w terenie w celu inwentaryzacji terenu, stanu technicznego urz\u0105dze\u0144 telekomunikacyjnych oraz przygotowania koncepcji i realizacji projektu. <\/p>\n<\/div><\/div><\/div><div class=\"n2-ss-layer n2-ow n-uc-AnGCn9g0k682\" data-pm=\"normal\" data-sstype=\"layer\"><div id=\"n2-ss-1item15\" class=\"n2-font-076b8dc15792c03110f6a070004ca218-hover   n2-ss-item-content n2-ss-text n2-ow\" style=\"display:block;\">uzgodnienia<\/div><\/div><div class=\"n2-ss-layer n2-ow n-uc-155e203320524\" data-pm=\"normal\" data-sstype=\"layer\"><div class=\"n2-ss-item-content n2-ss-text n2-ow-all\"><div class=\"\"><p class=\"n2-font-fdb527caae2962f2d543107a4ad89016-paragraph   \">Organizujemy spotkania terenowe w celu om\u00f3wienia proponowanych przebieg\u00f3w nowoprojektowanej infrastruktury, spotkania na budowach czy z Dysponentami Nieruchomo\u015bci.<\/p>\n<\/div><\/div><\/div><\/div><\/div><\/div><\/div><\/div><div class=\"n2-ss-layer n2-ow n-uc-PwnmKVBYGiFX\" data-pm=\"normal\" data-sstype=\"layer\"><div id=\"n2-ss-1item17\" class=\"n2-font-343d27bb0887dfde4c937d97083e1204-hover   n2-ss-item-content n2-ss-text n2-ow\" style=\"display:block;\"><\/div><\/div><\/div><\/div><\/div><\/div><\/div><div data-slide-duration=\"0\" data-id=\"6\" data-slide-public-id=\"3\" aria-hidden=\"true\" data-title=\"Projekty\" class=\"n2-ss-slide n2-ow  n2-ss-slide-6\"><div role=\"note\" class=\"n2-ss-slide--focus\" tabindex=\"-1\">Projekty<\/div><div class=\"n2-ss-layers-container n2-ss-slide-limiter n2-ow\"><div class=\"n2-ss-layer n2-ow n-uc-FhwplaJ2Azyl\" data-sstype=\"slide\" data-pm=\"default\"><div class=\"n2-ss-layer n2-ow n-uc-o6TX7d9mmlv9\" data-pm=\"default\" data-sstype=\"content\" data-hasbackground=\"0\"><div class=\"n2-ss-section-main-content n2-ss-layer-with-background n2-ss-layer-content n2-ow n-uc-o6TX7d9mmlv9-inner\"><div class=\"n2-ss-layer n2-ow n2-ss-layer--block n2-ss-has-self-align n-uc-qT4ti5qS0Ega\" data-pm=\"normal\" data-sstype=\"row\"><div class=\"n2-ss-layer-row n2-ss-layer-with-background n-uc-qT4ti5qS0Ega-inner\"><div class=\"n2-ss-layer-row-inner \"><div class=\"n2-ss-layer n2-ow n-uc-eMnyavQC6SpV\" data-pm=\"default\" data-sstype=\"col\"><div class=\"n2-ss-layer-col n2-ss-layer-with-background n2-ss-layer-content n-uc-eMnyavQC6SpV-inner\"><div class=\"n2-ss-layer n2-ow n-uc-UgX02GrWN9on\" data-pm=\"normal\" data-sstype=\"layer\"><div id=\"n2-ss-1item18\" class=\"n2-font-dc68ec050d9e0febb956be14ba7b5697-hover n2-style-ddebe7d2b2432921da0cc94b80c4c75f-heading   n2-ss-item-content n2-ss-text n2-ow\" style=\"display:block;\">Budowa<\/div><\/div><div class=\"n2-ss-layer n2-ow n-uc-mTuacnyTxN5K\" data-pm=\"normal\" data-sstype=\"layer\"><div id=\"n2-ss-1item19\" class=\"n2-font-343d27bb0887dfde4c937d97083e1204-hover   n2-ss-item-content n2-ss-text n2-ow\" style=\"display:block;\"><\/div><\/div><div class=\"n2-ss-layer n2-ow n-uc-TfCBx7HygOne\" data-pm=\"normal\" data-sstype=\"layer\"><div id=\"n2-ss-1item20\" class=\"n2-font-076b8dc15792c03110f6a070004ca218-hover   n2-ss-item-content n2-ss-text n2-ow\" style=\"display:block;\">Nadz\u00f3r<\/div><\/div><div class=\"n2-ss-layer n2-ow n-uc-BJlMM7TgVEOQ\" data-pm=\"normal\" data-sstype=\"layer\"><div class=\"n2-ss-item-content n2-ss-text n2-ow-all\"><div class=\"\"><p class=\"n2-font-fdb527caae2962f2d543107a4ad89016-paragraph   \">Posiadamy uprawnienia na potrzeby kierowania robotami budowlanymi bez ogranicze\u0144, st\u0105d jeste\u015bmy w stanie pe\u0142ni\u0107 nadz\u00f3r nad budowami sieci telekomunikacyjnch. <\/p>\n<\/div><\/div><\/div><div class=\"n2-ss-layer n2-ow n-uc-QS33K15WUuul\" data-pm=\"normal\" data-sstype=\"layer\"><div id=\"n2-ss-1item22\" class=\"n2-font-076b8dc15792c03110f6a070004ca218-hover   n2-ss-item-content n2-ss-text n2-ow\" style=\"display:block;\">realizacja<\/div><\/div><div class=\"n2-ss-layer n2-ow n-uc-O7IYVYSob9FI\" data-pm=\"normal\" data-sstype=\"layer\"><div class=\"n2-ss-item-content n2-ss-text n2-ow-all\"><div class=\"\"><p class=\"n2-font-fdb527caae2962f2d543107a4ad89016-paragraph   \">Budujemy sieci telekomunikacyjne wewn\u0105trzbudynkowe, przy\u0142\u0105cza oraz sieci. Jeste\u015bmy w stanie zweryfikowa\u0107 przebieg infrastruktury, zlokalizowa\u0107 niedro\u017cno\u015bci i awarie. <\/p>\n<\/div><\/div><\/div><\/div><\/div><\/div><\/div><\/div><div class=\"n2-ss-layer n2-ow n-uc-0mb52tRF9prM\" data-pm=\"normal\" data-sstype=\"layer\"><div id=\"n2-ss-1item24\" class=\"n2-font-343d27bb0887dfde4c937d97083e1204-hover   n2-ss-item-content n2-ss-text n2-ow\" style=\"display:block;\"><\/div><\/div><\/div><\/div><\/div><\/div><\/div>                    <\/div>\n\n                                    <\/div>\n            <\/div>\n        <\/div>\n        <div class=\"n2-ss-slider-controls n2-ss-slider-controls-absolute-left-center\"><div style=\"--widget-offset:15px;\" class=\"n2-ss-widget nextend-arrow n2-ow-all nextend-arrow-previous  nextend-arrow-animated-fade\" data-hide-mobileportrait=\"1\" id=\"n2-ss-1-arrow-previous\" role=\"button\" aria-label=\"previous arrow\" tabindex=\"0\"><img decoding=\"async\" width=\"32\" height=\"32\" class=\"n2-arrow-normal-img skip-lazy\" data-skip-lazy=\"1\" src=\"data:image\/svg+xml;base64,PHN2ZyB3aWR0aD0iMzIiIGhlaWdodD0iMzIiIHZpZXdCb3g9IjAgMCAzMiAzMiIgeG1sbnM9Imh0dHA6Ly93d3cudzMub3JnLzIwMDAvc3ZnIj4KICAgIDxwYXRoIGQ9Ik0xMS40MzMgMTUuOTkyTDIyLjY5IDUuNzEyYy4zOTMtLjM5LjM5My0xLjAzIDAtMS40Mi0uMzkzLS4zOS0xLjAzLS4zOS0xLjQyMyAwbC0xMS45OCAxMC45NGMtLjIxLjIxLS4zLjQ5LS4yODUuNzYtLjAxNS4yOC4wNzUuNTYuMjg0Ljc3bDExLjk4IDEwLjk0Yy4zOTMuMzkgMS4wMy4zOSAxLjQyNCAwIC4zOTMtLjQuMzkzLTEuMDMgMC0xLjQybC0xMS4yNTctMTAuMjkiCiAgICAgICAgICBmaWxsPSIjZmZmZmZmIiBvcGFjaXR5PSIwLjgiIGZpbGwtcnVsZT0iZXZlbm9kZCIvPgo8L3N2Zz4=\" alt=\"previous arrow\"><img decoding=\"async\" width=\"32\" height=\"32\" class=\"n2-arrow-hover-img skip-lazy\" data-skip-lazy=\"1\" src=\"data:image\/svg+xml;base64,PHN2ZyB3aWR0aD0iMzIiIGhlaWdodD0iMzIiIHZpZXdCb3g9IjAgMCAzMiAzMiIgeG1sbnM9Imh0dHA6Ly93d3cudzMub3JnLzIwMDAvc3ZnIj4KICAgIDxwYXRoIGQ9Ik0xMS40MzMgMTUuOTkyTDIyLjY5IDUuNzEyYy4zOTMtLjM5LjM5My0xLjAzIDAtMS40Mi0uMzkzLS4zOS0xLjAzLS4zOS0xLjQyMyAwbC0xMS45OCAxMC45NGMtLjIxLjIxLS4zLjQ5LS4yODUuNzYtLjAxNS4yOC4wNzUuNTYuMjg0Ljc3bDExLjk4IDEwLjk0Yy4zOTMuMzkgMS4wMy4zOSAxLjQyNCAwIC4zOTMtLjQuMzkzLTEuMDMgMC0xLjQybC0xMS4yNTctMTAuMjkiCiAgICAgICAgICBmaWxsPSIjZmZmZmZmIiBvcGFjaXR5PSIxIiBmaWxsLXJ1bGU9ImV2ZW5vZGQiLz4KPC9zdmc+\" alt=\"previous arrow\"><\/div><\/div><div class=\"n2-ss-slider-controls n2-ss-slider-controls-absolute-right-center\"><div style=\"--widget-offset:15px;\" class=\"n2-ss-widget nextend-arrow n2-ow-all nextend-arrow-next  nextend-arrow-animated-fade\" data-hide-mobileportrait=\"1\" id=\"n2-ss-1-arrow-next\" role=\"button\" aria-label=\"next arrow\" tabindex=\"0\"><img decoding=\"async\" width=\"32\" height=\"32\" class=\"n2-arrow-normal-img skip-lazy\" data-skip-lazy=\"1\" src=\"data:image\/svg+xml;base64,PHN2ZyB3aWR0aD0iMzIiIGhlaWdodD0iMzIiIHZpZXdCb3g9IjAgMCAzMiAzMiIgeG1sbnM9Imh0dHA6Ly93d3cudzMub3JnLzIwMDAvc3ZnIj4KICAgIDxwYXRoIGQ9Ik0xMC43MjIgNC4yOTNjLS4zOTQtLjM5LTEuMDMyLS4zOS0xLjQyNyAwLS4zOTMuMzktLjM5MyAxLjAzIDAgMS40MmwxMS4yODMgMTAuMjgtMTEuMjgzIDEwLjI5Yy0uMzkzLjM5LS4zOTMgMS4wMiAwIDEuNDIuMzk1LjM5IDEuMDMzLjM5IDEuNDI3IDBsMTIuMDA3LTEwLjk0Yy4yMS0uMjEuMy0uNDkuMjg0LS43Ny4wMTQtLjI3LS4wNzYtLjU1LS4yODYtLjc2TDEwLjcyIDQuMjkzeiIKICAgICAgICAgIGZpbGw9IiNmZmZmZmYiIG9wYWNpdHk9IjAuOCIgZmlsbC1ydWxlPSJldmVub2RkIi8+Cjwvc3ZnPg==\" alt=\"next arrow\"><img loading=\"lazy\" decoding=\"async\" width=\"32\" height=\"32\" class=\"n2-arrow-hover-img skip-lazy\" data-skip-lazy=\"1\" src=\"data:image\/svg+xml;base64,PHN2ZyB3aWR0aD0iMzIiIGhlaWdodD0iMzIiIHZpZXdCb3g9IjAgMCAzMiAzMiIgeG1sbnM9Imh0dHA6Ly93d3cudzMub3JnLzIwMDAvc3ZnIj4KICAgIDxwYXRoIGQ9Ik0xMC43MjIgNC4yOTNjLS4zOTQtLjM5LTEuMDMyLS4zOS0xLjQyNyAwLS4zOTMuMzktLjM5MyAxLjAzIDAgMS40MmwxMS4yODMgMTAuMjgtMTEuMjgzIDEwLjI5Yy0uMzkzLjM5LS4zOTMgMS4wMiAwIDEuNDIuMzk1LjM5IDEuMDMzLjM5IDEuNDI3IDBsMTIuMDA3LTEwLjk0Yy4yMS0uMjEuMy0uNDkuMjg0LS43Ny4wMTQtLjI3LS4wNzYtLjU1LS4yODYtLjc2TDEwLjcyIDQuMjkzeiIKICAgICAgICAgIGZpbGw9IiNmZmZmZmYiIG9wYWNpdHk9IjEiIGZpbGwtcnVsZT0iZXZlbm9kZCIvPgo8L3N2Zz4=\" alt=\"next arrow\"><\/div><\/div><div class=\"n2-ss-slider-controls n2-ss-slider-controls-absolute-center-bottom\"><div style=\"--widget-offset:5px;\" class=\"n2-ss-widget n2-ss-control-bullet n2-ow-all n2-ss-control-bullet-horizontal\"><div class=\" nextend-bullet-bar n2-bar-justify-content-center\" role=\"group\" aria-label=\"Choose slide to display.\"><div class=\"n2-bullet n2-style-37b83350d88fb82e7ea26e8ad7887167-dot \" style=\"visibility:hidden;\"><\/div><\/div><\/div><\/div><\/div><\/div><ss3-loader><\/ss3-loader><\/div><\/div><div class=\"n2_clear\"><\/div><\/div><\/ss3-force-full-width><\/div><\/div>\n<\/div>\n\n\n\n<p class=\"has-medium-font-size\"><\/p>\n\n\n\n<p class=\"has-small-font-size\"><\/p>\n\n\n\n<p><\/p>\n","protected":false},"excerpt":{"rendered":"","protected":false},"author":1,"featured_media":0,"parent":0,"menu_order":0,"comment_status":"closed","ping_status":"closed","template":"elementor_theme","meta":{"footnotes":""},"class_list":["post-71","page","type-page","status-publish","hentry"],"yoast_head":"<!-- This site is optimized with the Yoast SEO plugin v27.4 - https:\/\/yoast.com\/product\/yoast-seo-wordpress\/ -->\n<title>MBTPro - Pawe\u0142 Kowalski - MBTPro<\/title>\n<meta name=\"robots\" content=\"index, follow, max-snippet:-1, max-image-preview:large, max-video-preview:-1\" \/>\n<link rel=\"canonical\" href=\"http:\/\/mbtpro.pl\/\" \/>\n<meta property=\"og:locale\" content=\"en_US\" \/>\n<meta property=\"og:type\" content=\"article\" \/>\n<meta property=\"og:title\" content=\"MBTPro - Pawe\u0142 Kowalski - MBTPro\" \/>\n<meta property=\"og:url\" content=\"http:\/\/mbtpro.pl\/\" \/>\n<meta property=\"og:site_name\" content=\"MBTPro\" \/>\n<meta property=\"article:modified_time\" content=\"2025-04-21T23:24:28+00:00\" \/>\n<meta name=\"twitter:card\" content=\"summary_large_image\" \/>\n<meta name=\"twitter:label1\" content=\"Est. reading time\" \/>\n\t<meta name=\"twitter:data1\" content=\"1 minute\" \/>\n<script type=\"application\/ld+json\" class=\"yoast-schema-graph\">{\"@context\":\"https:\\\/\\\/schema.org\",\"@graph\":[{\"@type\":\"WebPage\",\"@id\":\"http:\\\/\\\/mbtpro.pl\\\/\",\"url\":\"http:\\\/\\\/mbtpro.pl\\\/\",\"name\":\"MBTPro - Pawe\u0142 Kowalski - MBTPro\",\"isPartOf\":{\"@id\":\"http:\\\/\\\/mbtpro.pl\\\/#website\"},\"datePublished\":\"2025-01-06T01:15:19+00:00\",\"dateModified\":\"2025-04-21T23:24:28+00:00\",\"breadcrumb\":{\"@id\":\"http:\\\/\\\/mbtpro.pl\\\/#breadcrumb\"},\"inLanguage\":\"en-US\",\"potentialAction\":[{\"@type\":\"ReadAction\",\"target\":[\"http:\\\/\\\/mbtpro.pl\\\/\"]}]},{\"@type\":\"BreadcrumbList\",\"@id\":\"http:\\\/\\\/mbtpro.pl\\\/#breadcrumb\",\"itemListElement\":[{\"@type\":\"ListItem\",\"position\":1,\"name\":\"Home\",\"item\":\"http:\\\/\\\/mbtpro.pl\\\/\"},{\"@type\":\"ListItem\",\"position\":2,\"name\":\"MBTPro &#8211; Pawe\u0142 Kowalski\"}]},{\"@type\":\"WebSite\",\"@id\":\"http:\\\/\\\/mbtpro.pl\\\/#website\",\"url\":\"http:\\\/\\\/mbtpro.pl\\\/\",\"name\":\"MBTPro\",\"description\":\"Projektowanie i budowa sieci telekomunikacyjnych\",\"publisher\":{\"@id\":\"http:\\\/\\\/mbtpro.pl\\\/#organization\"},\"potentialAction\":[{\"@type\":\"SearchAction\",\"target\":{\"@type\":\"EntryPoint\",\"urlTemplate\":\"http:\\\/\\\/mbtpro.pl\\\/?s={search_term_string}\"},\"query-input\":{\"@type\":\"PropertyValueSpecification\",\"valueRequired\":true,\"valueName\":\"search_term_string\"}}],\"inLanguage\":\"en-US\"},{\"@type\":\"Organization\",\"@id\":\"http:\\\/\\\/mbtpro.pl\\\/#organization\",\"name\":\"MBTPro\",\"url\":\"http:\\\/\\\/mbtpro.pl\\\/\",\"logo\":{\"@type\":\"ImageObject\",\"inLanguage\":\"en-US\",\"@id\":\"http:\\\/\\\/mbtpro.pl\\\/#\\\/schema\\\/logo\\\/image\\\/\",\"url\":\"https:\\\/\\\/mbtpro.pl\\\/wp-content\\\/uploads\\\/2025\\\/01\\\/logo.png\",\"contentUrl\":\"https:\\\/\\\/mbtpro.pl\\\/wp-content\\\/uploads\\\/2025\\\/01\\\/logo.png\",\"width\":9370,\"height\":4331,\"caption\":\"MBTPro\"},\"image\":{\"@id\":\"http:\\\/\\\/mbtpro.pl\\\/#\\\/schema\\\/logo\\\/image\\\/\"}}]}<\/script>\n<!-- \/ Yoast SEO plugin. -->","yoast_head_json":{"title":"MBTPro - Pawe\u0142 Kowalski - MBTPro","robots":{"index":"index","follow":"follow","max-snippet":"max-snippet:-1","max-image-preview":"max-image-preview:large","max-video-preview":"max-video-preview:-1"},"canonical":"http:\/\/mbtpro.pl\/","og_locale":"en_US","og_type":"article","og_title":"MBTPro - Pawe\u0142 Kowalski - MBTPro","og_url":"http:\/\/mbtpro.pl\/","og_site_name":"MBTPro","article_modified_time":"2025-04-21T23:24:28+00:00","twitter_card":"summary_large_image","twitter_misc":{"Est. reading time":"1 minute"},"schema":{"@context":"https:\/\/schema.org","@graph":[{"@type":"WebPage","@id":"http:\/\/mbtpro.pl\/","url":"http:\/\/mbtpro.pl\/","name":"MBTPro - Pawe\u0142 Kowalski - MBTPro","isPartOf":{"@id":"http:\/\/mbtpro.pl\/#website"},"datePublished":"2025-01-06T01:15:19+00:00","dateModified":"2025-04-21T23:24:28+00:00","breadcrumb":{"@id":"http:\/\/mbtpro.pl\/#breadcrumb"},"inLanguage":"en-US","potentialAction":[{"@type":"ReadAction","target":["http:\/\/mbtpro.pl\/"]}]},{"@type":"BreadcrumbList","@id":"http:\/\/mbtpro.pl\/#breadcrumb","itemListElement":[{"@type":"ListItem","position":1,"name":"Home","item":"http:\/\/mbtpro.pl\/"},{"@type":"ListItem","position":2,"name":"MBTPro &#8211; Pawe\u0142 Kowalski"}]},{"@type":"WebSite","@id":"http:\/\/mbtpro.pl\/#website","url":"http:\/\/mbtpro.pl\/","name":"MBTPro","description":"Projektowanie i budowa sieci telekomunikacyjnych","publisher":{"@id":"http:\/\/mbtpro.pl\/#organization"},"potentialAction":[{"@type":"SearchAction","target":{"@type":"EntryPoint","urlTemplate":"http:\/\/mbtpro.pl\/?s={search_term_string}"},"query-input":{"@type":"PropertyValueSpecification","valueRequired":true,"valueName":"search_term_string"}}],"inLanguage":"en-US"},{"@type":"Organization","@id":"http:\/\/mbtpro.pl\/#organization","name":"MBTPro","url":"http:\/\/mbtpro.pl\/","logo":{"@type":"ImageObject","inLanguage":"en-US","@id":"http:\/\/mbtpro.pl\/#\/schema\/logo\/image\/","url":"https:\/\/mbtpro.pl\/wp-content\/uploads\/2025\/01\/logo.png","contentUrl":"https:\/\/mbtpro.pl\/wp-content\/uploads\/2025\/01\/logo.png","width":9370,"height":4331,"caption":"MBTPro"},"image":{"@id":"http:\/\/mbtpro.pl\/#\/schema\/logo\/image\/"}}]}},"_links":{"self":[{"href":"https:\/\/mbtpro.pl\/index.php?rest_route=\/wp\/v2\/pages\/71","targetHints":{"allow":["GET"]}}],"collection":[{"href":"https:\/\/mbtpro.pl\/index.php?rest_route=\/wp\/v2\/pages"}],"about":[{"href":"https:\/\/mbtpro.pl\/index.php?rest_route=\/wp\/v2\/types\/page"}],"author":[{"embeddable":true,"href":"https:\/\/mbtpro.pl\/index.php?rest_route=\/wp\/v2\/users\/1"}],"replies":[{"embeddable":true,"href":"https:\/\/mbtpro.pl\/index.php?rest_route=%2Fwp%2Fv2%2Fcomments&post=71"}],"version-history":[{"count":12,"href":"https:\/\/mbtpro.pl\/index.php?rest_route=\/wp\/v2\/pages\/71\/revisions"}],"predecessor-version":[{"id":122,"href":"https:\/\/mbtpro.pl\/index.php?rest_route=\/wp\/v2\/pages\/71\/revisions\/122"}],"wp:attachment":[{"href":"https:\/\/mbtpro.pl\/index.php?rest_route=%2Fwp%2Fv2%2Fmedia&parent=71"}],"curies":[{"name":"wp","href":"https:\/\/api.w.org\/{rel}","templated":true}]}}